{"id":501,"date":"2021-09-02T13:58:32","date_gmt":"2021-09-02T11:58:32","guid":{"rendered":"https:\/\/ins.stronazen.pl\/is\/?page_id=501"},"modified":"2022-01-07T16:21:39","modified_gmt":"2022-01-07T14:21:39","slug":"zaloz-konto","status":"publish","type":"page","link":"https:\/\/ins.stronazen.pl\/is\/zaloz-konto\/","title":{"rendered":"Za\u0142\u00f3\u017c konto"},"content":{"rendered":"\t\t<div data-elementor-type=\"wp-page\" data-elementor-id=\"501\" class=\"elementor elementor-501\" data-elementor-settings=\"[]\">\n\t\t\t\t\t\t\t<div class=\"elementor-section-wrap\">\n\t\t\t\t\t\t\t<section class=\"elementor-section elementor-top-section elementor-element elementor-element-4caf8bba elementor-section-height-min-height elementor-section-boxed elementor-section-height-default elementor-section-items-middle\" data-id=\"4caf8bba\" data-element_type=\"section\" data-settings=\"{&quot;background_background&quot;:&quot;slideshow&quot;,&quot;background_slideshow_gallery&quot;:[{&quot;id&quot;:946,&quot;url&quot;:&quot;https:\\\/\\\/ins.stronazen.pl\\\/is\\\/wp-content\\\/uploads\\\/2022\\\/01\\\/AdobeStock_449084684-scaled.jpeg&quot;}],&quot;background_slideshow_loop&quot;:&quot;yes&quot;,&quot;background_slideshow_slide_duration&quot;:5000,&quot;background_slideshow_slide_transition&quot;:&quot;fade&quot;,&quot;background_slideshow_transition_duration&quot;:500}\">\n\t\t\t\t\t\t<div class=\"elementor-container elementor-column-gap-default\">\n\t\t\t\t\t<div class=\"elementor-column elementor-col-100 elementor-top-column elementor-element elementor-element-339d6768\" data-id=\"339d6768\" data-element_type=\"column\">\n\t\t\t<div class=\"elementor-widget-wrap elementor-element-populated\">\n\t\t\t\t\t\t\t\t<div class=\"elementor-element elementor-element-05a86bd elementor-headline--style-highlight elementor-invisible elementor-widget elementor-widget-animated-headline\" data-id=\"05a86bd\" data-element_type=\"widget\" data-settings=\"{&quot;marker&quot;:&quot;underline_zigzag&quot;,&quot;highlighted_text&quot;:&quot;konto&quot;,&quot;_animation&quot;:&quot;zoomIn&quot;,&quot;headline_style&quot;:&quot;highlight&quot;,&quot;loop&quot;:&quot;yes&quot;,&quot;highlight_animation_duration&quot;:1200,&quot;highlight_iteration_delay&quot;:8000}\" data-widget_type=\"animated-headline.default\">\n\t\t\t\t<div class=\"elementor-widget-container\">\n\t\t\t\t\t<h2 class=\"elementor-headline\">\n\t\t\t\t\t<span class=\"elementor-headline-plain-text elementor-headline-text-wrapper\">za\u0142\u00f3\u017c<\/span>\n\t\t\t\t<span class=\"elementor-headline-dynamic-wrapper elementor-headline-text-wrapper\">\n\t\t\t\t\t<span class=\"elementor-headline-dynamic-text elementor-headline-text-active\">konto<\/span>\n\t\t\t\t<\/span>\n\t\t\t\t<\/h2>\n\t\t\t\t<\/div>\n\t\t\t\t<\/div>\n\t\t\t\t\t<\/div>\n\t\t<\/div>\n\t\t\t\t\t\t\t<\/div>\n\t\t<\/section>\n\t\t\t\t<section class=\"elementor-section elementor-top-section elementor-element elementor-element-fd572e3 elementor-section-boxed elementor-section-height-default elementor-section-height-default\" data-id=\"fd572e3\" data-element_type=\"section\">\n\t\t\t\t\t\t<div class=\"elementor-container elementor-column-gap-default\">\n\t\t\t\t\t<div class=\"elementor-column elementor-col-100 elementor-top-column elementor-element elementor-element-3ce8ece\" data-id=\"3ce8ece\" data-element_type=\"column\">\n\t\t\t<div class=\"elementor-widget-wrap elementor-element-populated\">\n\t\t\t\t\t\t\t\t<div class=\"elementor-element elementor-element-c24bf01 elementor-widget elementor-widget-text-editor\" data-id=\"c24bf01\" data-element_type=\"widget\" data-widget_type=\"text-editor.default\">\n\t\t\t\t<div class=\"elementor-widget-container\">\n\t\t\t\t\t\t\t<h1><strong>Dlaczego warto mie\u0107 w\u0142asne konto d\u014dTERRA?<\/strong><\/h1><p><strong>1.\u00a0<\/strong>Masz mo\u017cliwo\u015b\u0107\u00a0<strong>korzystania z cen hurtowych<\/strong>\u00a0(co najmniej 25% taniej od ceny detalicznej) i to niezale\u017cnie za jak\u0105 kwot\u0119 kupujesz olejki czy inne produkty.<\/p><p><strong>2.<\/strong>\u00a0Przy wi\u0119kszych zakupach masz mo\u017cliwo\u015b\u0107\u00a0<strong>otrzymywania produktu miesi\u0105ca gratis<\/strong>. Pierwszego dnia miesi\u0105ca d\u014dTERRA og\u0142asza, co w danym miesi\u0105cu b\u0119dzie tym prezentem.<\/p><p><strong>3.<\/strong>\u00a0Masz mo\u017cliwo\u015b\u0107\u00a0<strong>zbierania punkt\u00f3w lojalno\u015bciowych<\/strong>, kt\u00f3re p\u00f3\u017aniej wymienisz na\u00a0<strong>darmowe produkty<\/strong>. Na pocz\u0105tku d\u014dTERRA zwraca Ci 10% zam\u00f3wienia w punktach a po roku 30%, a nawet 44% je\u015bli wliczymy wszystkie dodatkowe zwroty za przesy\u0142k\u0119. Wi\u0119kszo\u015b\u0107 klient\u00f3w korzysta z tego programu i otrzymuje co miesi\u0105c darmowe olejki, kremy, pasty do z\u0119b\u00f3w czy \u015brodki czysto\u015bci do domu.<\/p><div class=\"et_pb_row et_pb_row_2\"><div class=\"et_pb_column et_pb_column_4_4 et_pb_column_2  et_pb_css_mix_blend_mode_passthrough et-last-child\"><div class=\"et_pb_module et_pb_text et_pb_text_2  et_pb_text_align_justified et_pb_bg_layout_light\"><div class=\"et_pb_text_inner\"><h1><strong>Za\u0142o\u017cenie w\u0142asnego konta jest bardzo proste:<\/strong><\/h1><\/div><\/div><\/div><\/div><p>\u00a0<\/p>\t\t\t\t\t\t<\/div>\n\t\t\t\t<\/div>\n\t\t\t\t<div class=\"elementor-element elementor-element-c72bfc9 elementor-align-center elementor-widget elementor-widget-button\" data-id=\"c72bfc9\" data-element_type=\"widget\" data-widget_type=\"button.default\">\n\t\t\t\t<div class=\"elementor-widget-container\">\n\t\t\t\t\t<div class=\"elementor-button-wrapper\">\n\t\t\t<a href=\"https:\/\/www.mydoterra.com\/ilonasiemczyk\/#\/\" target=\"_blank\" rel=\"nofollow\" class=\"elementor-button-link elementor-button elementor-size-sm\" role=\"button\">\n\t\t\t\t\t\t<span class=\"elementor-button-content-wrapper\">\n\t\t\t\t\t\t<span class=\"elementor-button-icon elementor-align-icon-right\">\n\t\t\t\t<i aria-hidden=\"true\" class=\"far fa-hand-point-right\"><\/i>\t\t\t<\/span>\n\t\t\t\t\t\t<span class=\"elementor-button-text\">ZA\u0141\u00d3\u017b KONTO doTERRA<\/span>\n\t\t<\/span>\n\t\t\t\t\t<\/a>\n\t\t<\/div>\n\t\t\t\t<\/div>\n\t\t\t\t<\/div>\n\t\t\t\t<div class=\"elementor-element elementor-element-d07640d elementor-widget elementor-widget-text-editor\" data-id=\"d07640d\" data-element_type=\"widget\" data-widget_type=\"text-editor.default\">\n\t\t\t\t<div class=\"elementor-widget-container\">\n\t\t\t\t\t\t\t<p><strong>1.<\/strong>\u00a0Wybierz\u00a0<strong>Join &amp; Save<\/strong><\/p><p><strong>2.<\/strong>\u00a0Wybierz odpowiedni j\u0119zyk i kraj (tak, wysy\u0142amy do wielu kraj\u00f3w na ca\u0142ym \u015bwiecie!)<\/p><p><strong>3.<\/strong>\u00a0Wybierz klienta hurtowego \u2013 Wholesale Customer lub konsultanta \u2013 Wellness Advocate. Zalecam najpierw wybra\u0107 Klienta Hurtowego, aby przetestowa\u0107 i nacieszy\u0107 si\u0119 produktami. P\u00f3\u017aniej zawsze mo\u017cna dokona\u0107 upgrade\u2019u bez \u017cadnych op\u0142at, je\u015bli zdecydujesz si\u0119 wsp\u00f3\u0142pracowa\u0107 ze mn\u0105 w tym biznesie. Natomiast<strong>\u00a0je\u017celi chcesz od razu rozpocz\u0105\u0107 ze mn\u0105 wsp\u00f3\u0142prac\u0119 biznesow\u0105<\/strong>, niezb\u0119dne jest za\u0142o\u017cenie konta Wellness Advocate.<\/p><p><strong>4.<\/strong>\u00a0Pola\u00a0<strong>Identyfikator odbiorcy<\/strong>\u00a0i\u00a0<strong>Identyfikator sponsora<\/strong> powinny by\u0107 ju\u017c wype\u0142nione, ale je\u015bli nie s\u0105, to wpisz moje ID: <strong>9060157<\/strong>\u00a0w obu polach, tak \u017cebym mog\u0142a p\u00f3\u017aniej Ci\u0119 jak najlepiej wspiera\u0107.<\/p><p><strong>5.<\/strong>\u00a0Wpisz swoje dane.<\/p><p><strong>6.<\/strong> Przy \u201echeckout\u201d zostaniesz poproszony o wybranie zestawu. Je\u015bli chcesz zbudowa\u0107 w\u0142asny zestaw, zacznij wpisywa\u0107 nazwy olejk\u00f3w, kt\u00f3re chcesz mie\u0107 w\u00a0 zestawie, a nast\u0119pnie je wybierz jak si\u0119 pojawi odpowiednia opcja. Niezb\u0119dne jest tak\u017ce dodanie broszury \u201edoTERRA Essentials Booklet + Enrolment Fee\u201d o warto\u015bci 20 euro netto (24,50 brutto) \u2013 to roczna\/rejestracyjna op\u0142ata za Twoje cz\u0142onkostwo.<\/p><p>Zalecam rozpocz\u0119cie Twojej przygody z olejkami od zestawu\u00a0<strong>rejestracyjnego \u201eEnrollment Kit\u201d<\/strong>, kt\u00f3ry pozwala zaoszcz\u0119dzi\u0107 pieni\u0105dze poniewa\u017c kupuj\u0105c go\u00a0<strong>nie ma op\u0142aty rejestracyjnej 20 euro netto (24,50 brutto)<\/strong>.<\/p><p>Je\u015bli nie masz pewno\u015bci, od kt\u00f3rego zestawu najlepiej zacz\u0105\u0107\u00a0<strong>skontaktuj si\u0119 ze mn\u0105 zanim si\u0119 zarejestrujesz!<\/strong>\u00a0Przy okazji pomog\u0119 Ci dobra\u0107 najlepsze olejki \u2013 mam tu troch\u0119 swoich faworyt\u00f3w.<\/p>\t\t\t\t\t\t<\/div>\n\t\t\t\t<\/div>\n\t\t\t\t<div class=\"elementor-element elementor-element-83dfae2 elementor-align-center elementor-widget elementor-widget-button\" data-id=\"83dfae2\" data-element_type=\"widget\" data-widget_type=\"button.default\">\n\t\t\t\t<div class=\"elementor-widget-container\">\n\t\t\t\t\t<div class=\"elementor-button-wrapper\">\n\t\t\t<a href=\"https:\/\/media.doterra.com\/us\/en\/flyers\/enrollment-kits.pdf\" target=\"_blank\" rel=\"nofollow\" class=\"elementor-button-link elementor-button elementor-size-sm\" role=\"button\">\n\t\t\t\t\t\t<span class=\"elementor-button-content-wrapper\">\n\t\t\t\t\t\t<span class=\"elementor-button-icon elementor-align-icon-right\">\n\t\t\t\t<i aria-hidden=\"true\" class=\"far fa-hand-point-right\"><\/i>\t\t\t<\/span>\n\t\t\t\t\t\t<span class=\"elementor-button-text\">ZESTAWY STARTOWE<\/span>\n\t\t<\/span>\n\t\t\t\t\t<\/a>\n\t\t<\/div>\n\t\t\t\t<\/div>\n\t\t\t\t<\/div>\n\t\t\t\t<div class=\"elementor-element elementor-element-071e93a elementor-widget elementor-widget-text-editor\" data-id=\"071e93a\" data-element_type=\"widget\" data-widget_type=\"text-editor.default\">\n\t\t\t\t<div class=\"elementor-widget-container\">\n\t\t\t\t\t\t\t<div class=\"et_pb_row et_pb_row_6\"><div class=\"et_pb_column et_pb_column_4_4 et_pb_column_6  et_pb_css_mix_blend_mode_passthrough et-last-child\"><div class=\"et_pb_module et_pb_text et_pb_text_4  et_pb_text_align_justified et_pb_bg_layout_light\"><div class=\"et_pb_text_inner\"><p>Zobacz, jak sprawnie i \u0142atwo rozpoczyna si\u0119 Twoja przygoda z olejkami. Otrzymasz ode mnie powitaln\u0105 wiadomo\u015b\u0107 e-mail i dost\u0119p do wszystkich moich grup edukacyjnych i program\u00f3w oraz forum dyskusyjnego\u00a0 w ci\u0105gu 24 godzin.<\/p><\/div><\/div><\/div><\/div>\t\t\t\t\t\t<\/div>\n\t\t\t\t<\/div>\n\t\t\t\t<div class=\"elementor-element elementor-element-f491aaa elementor-align-center elementor-widget elementor-widget-button\" data-id=\"f491aaa\" data-element_type=\"widget\" data-widget_type=\"button.default\">\n\t\t\t\t<div class=\"elementor-widget-container\">\n\t\t\t\t\t<div class=\"elementor-button-wrapper\">\n\t\t\t<a href=\"https:\/\/www.mydoterra.com\/ilonasiemczyk\/#\/\" target=\"_blank\" rel=\"nofollow\" class=\"elementor-button-link elementor-button elementor-size-sm\" role=\"button\">\n\t\t\t\t\t\t<span class=\"elementor-button-content-wrapper\">\n\t\t\t\t\t\t<span class=\"elementor-button-icon elementor-align-icon-right\">\n\t\t\t\t<i aria-hidden=\"true\" class=\"far fa-hand-point-right\"><\/i>\t\t\t<\/span>\n\t\t\t\t\t\t<span class=\"elementor-button-text\">ZA\u0141\u00d3\u017b KONTO doTERRA<\/span>\n\t\t<\/span>\n\t\t\t\t\t<\/a>\n\t\t<\/div>\n\t\t\t\t<\/div>\n\t\t\t\t<\/div>\n\t\t\t\t<div class=\"elementor-element elementor-element-188001d elementor-widget elementor-widget-text-editor\" data-id=\"188001d\" data-element_type=\"widget\" data-widget_type=\"text-editor.default\">\n\t\t\t\t<div class=\"elementor-widget-container\">\n\t\t\t\t\t\t\t<div class=\"et_pb_row et_pb_row_8\"><div class=\"et_pb_column et_pb_column_4_4 et_pb_column_8  et_pb_css_mix_blend_mode_passthrough et-last-child\"><div class=\"et_pb_module et_pb_text et_pb_text_5  et_pb_text_align_justified et_pb_bg_layout_light\"><div class=\"et_pb_text_inner\"><p>Je\u017celi potrzebujesz troch\u0119 wi\u0119cej informacji, zanim si\u0119 zdecydujesz mo\u017cesz zawsze skontaktowa\u0107 si\u0119 ze mn\u0105 klikaj\u0105c przycisk poni\u017cej. Ch\u0119tnie odpowiem na wszelkie pytania.<\/p><\/div><\/div><\/div><\/div>\t\t\t\t\t\t<\/div>\n\t\t\t\t<\/div>\n\t\t\t\t<div class=\"elementor-element elementor-element-49dfb46 elementor-align-center elementor-widget elementor-widget-button\" data-id=\"49dfb46\" data-element_type=\"widget\" data-widget_type=\"button.default\">\n\t\t\t\t<div class=\"elementor-widget-container\">\n\t\t\t\t\t<div class=\"elementor-button-wrapper\">\n\t\t\t<a href=\"https:\/\/www.mydoterra.com\/ilonasiemczyk\/#\/\" target=\"_blank\" rel=\"nofollow\" class=\"elementor-button-link elementor-button elementor-size-sm\" role=\"button\">\n\t\t\t\t\t\t<span class=\"elementor-button-content-wrapper\">\n\t\t\t\t\t\t<span class=\"elementor-button-icon elementor-align-icon-right\">\n\t\t\t\t<i aria-hidden=\"true\" class=\"far fa-hand-point-right\"><\/i>\t\t\t<\/span>\n\t\t\t\t\t\t<span class=\"elementor-button-text\">SKONTAKTUJ SI\u0118\u00a0ZE MN\u0104<\/span>\n\t\t<\/span>\n\t\t\t\t\t<\/a>\n\t\t<\/div>\n\t\t\t\t<\/div>\n\t\t\t\t<\/div>\n\t\t\t\t<div class=\"elementor-element elementor-element-4fae0cb elementor-widget elementor-widget-text-editor\" data-id=\"4fae0cb\" data-element_type=\"widget\" data-widget_type=\"text-editor.default\">\n\t\t\t\t<div class=\"elementor-widget-container\">\n\t\t\t\t\t\t\t<p><strong>Co dalej? Twoje nast\u0119pne zam\u00f3wienie?<\/strong>\u00a0Zr\u00f3bmy to razem z programem lojalno\u015bciowym\u00a0<strong>d\u014dTERRA LRP<\/strong>. LRP to najbardziej przemy\u015blany spos\u00f3b zakupu olejk\u00f3w, sama w ten spos\u00f3b zamawiam swoje olejki co miesi\u0105c.\u00a0LRP jest elastycznym, opcjonalnym programem lojalno\u015bciowym, kt\u00f3ry nagradza Ci\u0119 za sk\u0142adanie regularnych zam\u00f3wie\u0144.\u00a0W ramach LRP otrzymujesz darmowe olejki za to, \u017ce jeste\u015b lojalnym klientem.\u00a0Oczywi\u015bcie co miesi\u0105c mo\u017cesz zmieni\u0107 zam\u00f3wienie.<\/p>\t\t\t\t\t\t<\/div>\n\t\t\t\t<\/div>\n\t\t\t\t\t<\/div>\n\t\t<\/div>\n\t\t\t\t\t\t\t<\/div>\n\t\t<\/section>\n\t\t\t\t<section class=\"elementor-section elementor-top-section elementor-element elementor-element-59ee07e elementor-hidden-tablet elementor-hidden-phone elementor-section-boxed elementor-section-height-default elementor-section-height-default\" data-id=\"59ee07e\" data-element_type=\"section\">\n\t\t\t\t\t\t<div class=\"elementor-container elementor-column-gap-default\">\n\t\t\t\t\t<div class=\"elementor-column elementor-col-50 elementor-top-column elementor-element elementor-element-4075ac1\" data-id=\"4075ac1\" data-element_type=\"column\">\n\t\t\t<div class=\"elementor-widget-wrap elementor-element-populated\">\n\t\t\t\t\t\t\t\t<div class=\"elementor-element elementor-element-e8f031e elementor-widget elementor-widget-image\" data-id=\"e8f031e\" data-element_type=\"widget\" data-widget_type=\"image.default\">\n\t\t\t\t<div class=\"elementor-widget-container\">\n\t\t\t\t\t\t\t\t\t\t\t\t\t\t\t<img src=\"https:\/\/ins.stronazen.pl\/is\/wp-content\/uploads\/2021\/10\/logo_el.png\" title=\"logo_el\" alt=\"logo_el\" \/>\t\t\t\t\t\t\t\t\t\t\t\t\t\t\t<\/div>\n\t\t\t\t<\/div>\n\t\t\t\t\t<\/div>\n\t\t<\/div>\n\t\t\t\t<div class=\"elementor-column elementor-col-50 elementor-top-column elementor-element elementor-element-d1e43cf\" data-id=\"d1e43cf\" data-element_type=\"column\">\n\t\t\t<div class=\"elementor-widget-wrap elementor-element-populated\">\n\t\t\t\t\t\t\t\t<div class=\"elementor-element elementor-element-30aa1e1 elementor-widget elementor-widget-text-editor\" data-id=\"30aa1e1\" data-element_type=\"widget\" data-widget_type=\"text-editor.default\">\n\t\t\t\t<div class=\"elementor-widget-container\">\n\t\t\t\t\t\t\t<p>oilstory<\/p>\t\t\t\t\t\t<\/div>\n\t\t\t\t<\/div>\n\t\t\t\t\t<\/div>\n\t\t<\/div>\n\t\t\t\t\t\t\t<\/div>\n\t\t<\/section>\n\t\t\t\t\t\t<\/div>\n\t\t\t\t\t<\/div>\n\t\t","protected":false},"excerpt":{"rendered":"<p>za\u0142\u00f3\u017c konto Dlaczego warto mie\u0107 w\u0142asne konto d\u014dTERRA? 1.\u00a0Masz mo\u017cliwo\u015b\u0107\u00a0korzystania z cen hurtowych\u00a0(co najmniej 25% taniej od ceny detalicznej) i to niezale\u017cnie za jak\u0105 kwot\u0119 kupujesz olejki czy inne produkty. 2.\u00a0Przy wi\u0119kszych zakupach masz mo\u017cliwo\u015b\u0107\u00a0otrzymywania produktu miesi\u0105ca gratis. Pierwszego dnia miesi\u0105ca d\u014dTERRA og\u0142asza, co w danym miesi\u0105cu b\u0119dzie tym prezentem. 3.\u00a0Masz mo\u017cliwo\u015b\u0107\u00a0zbierania punkt\u00f3w lojalno\u015bciowych, kt\u00f3re [&hellip;]<\/p>\n","protected":false},"author":1,"featured_media":0,"parent":0,"menu_order":0,"comment_status":"closed","ping_status":"closed","template":"","meta":[],"_links":{"self":[{"href":"https:\/\/ins.stronazen.pl\/is\/wp-json\/wp\/v2\/pages\/501"}],"collection":[{"href":"https:\/\/ins.stronazen.pl\/is\/wp-json\/wp\/v2\/pages"}],"about":[{"href":"https:\/\/ins.stronazen.pl\/is\/wp-json\/wp\/v2\/types\/page"}],"author":[{"embeddable":true,"href":"https:\/\/ins.stronazen.pl\/is\/wp-json\/wp\/v2\/users\/1"}],"replies":[{"embeddable":true,"href":"https:\/\/ins.stronazen.pl\/is\/wp-json\/wp\/v2\/comments?post=501"}],"version-history":[{"count":58,"href":"https:\/\/ins.stronazen.pl\/is\/wp-json\/wp\/v2\/pages\/501\/revisions"}],"predecessor-version":[{"id":949,"href":"https:\/\/ins.stronazen.pl\/is\/wp-json\/wp\/v2\/pages\/501\/revisions\/949"}],"wp:attachment":[{"href":"https:\/\/ins.stronazen.pl\/is\/wp-json\/wp\/v2\/media?parent=501"}],"curies":[{"name":"wp","href":"https:\/\/api.w.org\/{rel}","templated":true}]}}