{"id":481,"date":"2021-09-02T13:51:09","date_gmt":"2021-09-02T11:51:09","guid":{"rendered":"https:\/\/ins.stronazen.pl\/is\/?page_id=481"},"modified":"2022-03-15T20:07:55","modified_gmt":"2022-03-15T18:07:55","slug":"dolacz-do-mnie","status":"publish","type":"page","link":"https:\/\/ins.stronazen.pl\/is\/dolacz-do-mnie\/","title":{"rendered":"Do\u0142\u0105cz do mnie"},"content":{"rendered":"\t\t<div data-elementor-type=\"wp-page\" data-elementor-id=\"481\" class=\"elementor elementor-481\" data-elementor-settings=\"[]\">\n\t\t\t\t\t\t\t<div class=\"elementor-section-wrap\">\n\t\t\t\t\t\t\t<section class=\"elementor-section elementor-top-section elementor-element elementor-element-4caf8bba elementor-section-height-min-height elementor-section-boxed elementor-section-height-default elementor-section-items-middle\" data-id=\"4caf8bba\" data-element_type=\"section\" data-settings=\"{&quot;background_background&quot;:&quot;slideshow&quot;,&quot;background_slideshow_gallery&quot;:[{&quot;id&quot;:908,&quot;url&quot;:&quot;https:\\\/\\\/ins.stronazen.pl\\\/is\\\/wp-content\\\/uploads\\\/2022\\\/01\\\/AdobeStock_405400965_Editorial_Use_Only-scaled.jpeg&quot;},{&quot;id&quot;:925,&quot;url&quot;:&quot;https:\\\/\\\/ins.stronazen.pl\\\/is\\\/wp-content\\\/uploads\\\/2022\\\/01\\\/AdobeStock_437187920-scaled.jpeg&quot;}],&quot;background_slideshow_loop&quot;:&quot;yes&quot;,&quot;background_slideshow_slide_duration&quot;:5000,&quot;background_slideshow_slide_transition&quot;:&quot;fade&quot;,&quot;background_slideshow_transition_duration&quot;:500}\">\n\t\t\t\t\t\t<div class=\"elementor-container elementor-column-gap-default\">\n\t\t\t\t\t<div class=\"elementor-column elementor-col-100 elementor-top-column elementor-element elementor-element-339d6768\" data-id=\"339d6768\" data-element_type=\"column\">\n\t\t\t<div class=\"elementor-widget-wrap elementor-element-populated\">\n\t\t\t\t\t\t\t\t<div class=\"elementor-element elementor-element-05a86bd elementor-headline--style-highlight elementor-invisible elementor-widget elementor-widget-animated-headline\" data-id=\"05a86bd\" data-element_type=\"widget\" data-settings=\"{&quot;marker&quot;:&quot;underline_zigzag&quot;,&quot;highlighted_text&quot;:&quot;razem&quot;,&quot;_animation&quot;:&quot;zoomIn&quot;,&quot;headline_style&quot;:&quot;highlight&quot;,&quot;loop&quot;:&quot;yes&quot;,&quot;highlight_animation_duration&quot;:1200,&quot;highlight_iteration_delay&quot;:8000}\" data-widget_type=\"animated-headline.default\">\n\t\t\t\t<div class=\"elementor-widget-container\">\n\t\t\t\t\t<h2 class=\"elementor-headline\">\n\t\t\t\t\t<span class=\"elementor-headline-plain-text elementor-headline-text-wrapper\">pracujmy <\/span>\n\t\t\t\t<span class=\"elementor-headline-dynamic-wrapper elementor-headline-text-wrapper\">\n\t\t\t\t\t<span class=\"elementor-headline-dynamic-text elementor-headline-text-active\">razem<\/span>\n\t\t\t\t<\/span>\n\t\t\t\t<\/h2>\n\t\t\t\t<\/div>\n\t\t\t\t<\/div>\n\t\t\t\t\t<\/div>\n\t\t<\/div>\n\t\t\t\t\t\t\t<\/div>\n\t\t<\/section>\n\t\t\t\t<section class=\"elementor-section elementor-top-section elementor-element elementor-element-a38cb72 elementor-section-height-min-height elementor-section-boxed elementor-section-height-default elementor-section-items-middle\" data-id=\"a38cb72\" data-element_type=\"section\">\n\t\t\t\t\t\t<div class=\"elementor-container elementor-column-gap-default\">\n\t\t\t\t\t<div class=\"elementor-column elementor-col-50 elementor-top-column elementor-element elementor-element-7b82d09\" data-id=\"7b82d09\" data-element_type=\"column\">\n\t\t\t<div class=\"elementor-widget-wrap elementor-element-populated\">\n\t\t\t\t\t\t\t\t<div class=\"elementor-element elementor-element-508323d elementor-hidden-tablet elementor-hidden-phone elementor-widget elementor-widget-image\" data-id=\"508323d\" data-element_type=\"widget\" data-widget_type=\"image.default\">\n\t\t\t\t<div class=\"elementor-widget-container\">\n\t\t\t\t\t\t\t\t\t\t\t\t\t\t\t<img src=\"https:\/\/ins.stronazen.pl\/is\/wp-content\/uploads\/elementor\/thumbs\/AdobeStock_267669083-scaled-pinzvi7n1gs8ltgoazn0j6g07tz6bs2c9uj4in4zkg.jpeg\" title=\"cat grass and oil\" alt=\"cat grass and oil\" \/>\t\t\t\t\t\t\t\t\t\t\t\t\t\t\t<\/div>\n\t\t\t\t<\/div>\n\t\t\t\t\t<\/div>\n\t\t<\/div>\n\t\t\t\t<div class=\"elementor-column elementor-col-50 elementor-top-column elementor-element elementor-element-8b27dc3\" data-id=\"8b27dc3\" data-element_type=\"column\" data-settings=\"{&quot;background_background&quot;:&quot;classic&quot;}\">\n\t\t\t<div class=\"elementor-widget-wrap elementor-element-populated\">\n\t\t\t\t\t\t\t\t<div class=\"elementor-element elementor-element-55019c0 elementor-widget elementor-widget-text-editor\" data-id=\"55019c0\" data-element_type=\"widget\" data-widget_type=\"text-editor.default\">\n\t\t\t\t<div class=\"elementor-widget-container\">\n\t\t\t\t\t\t\t<p>Zalety marketingu sieciowego<\/p>\t\t\t\t\t\t<\/div>\n\t\t\t\t<\/div>\n\t\t\t\t<div class=\"elementor-element elementor-element-d5693b2 elementor-blockquote--skin-quotation elementor-blockquote--button-color-official elementor-widget elementor-widget-blockquote\" data-id=\"d5693b2\" data-element_type=\"widget\" data-widget_type=\"blockquote.default\">\n\t\t\t\t<div class=\"elementor-widget-container\">\n\t\t\t\t\t<blockquote class=\"elementor-blockquote\">\n\t\t\t<p class=\"elementor-blockquote__content\">\n\t\t\t\tCzym jest marketing sieciowy?\n \u201ePomys\u0142 jest prosty, a jednocze\u015bnie genialny: zamiast wydawa\u0107 miliony na profesjonalne agencje i kana\u0142y dystrybucji, aby promowa\u0107 produkt lub us\u0142ug\u0119, p\u0142aci si\u0119 ludziom, kt\u00f3rzy ch\u0119tnie z tych pieni\u0119dzy skorzystaj\u0105, za to, \u017ce o tym produkcie lub us\u0142udze, opowiadaj\u0105 innym. W\u0142a\u015bnie to robi firma prowadz\u0105ca marketing sieciowy: cz\u0119\u015b\u0107 ka\u017cdego dolara, pochodz\u0105cego ze sprzeda\u017cy wyp\u0142aca swoim niezale\u017cnym przedstawicielom, kt\u00f3rzy zwykle s\u0105 te\u017c entuzjastami sprzedawanych produkt\u00f3w i ich aktywnymi u\u017cytkownikami.\u201d \u2013 pisze Robert Kiyosaki w ksi\u0105\u017cce Biznes XXI wieku, wsp\u00f3lnie z architektem Johnem Flemingiem.\nPoznawanie marketingu sieciowego zacz\u0119\u0142am od fachowej literatury. Je\u015bli chcesz zrozumie\u0107 dlaczego ekonomi\u015bci nazywaj\u0105 MLM najskuteczniejszym i najbardziej nowoczesnym sposobem dystrybucji towar\u00f3w to polecam na pocz\u0105tek: Biznes XXI wieku \u2013 Robert Kiyosaki, Go Pro \u2013 Eric Worre, MLM w dzia\u0142aniu \u2013 Randy Gage.\nSpodoba Ci si\u0119 sprawiedliwo\u015b\u0107 tego systemu. Model biznesu, w kt\u00f3rym nie ma sufitu, kt\u00f3ry generuje przych\u00f3d pasywny i daje wszystkim r\u00f3wne szanse. Jedyny spos\u00f3b, w jaki biznes ten dzia\u0142a to zasada \u2013 Im wi\u0119kszej liczbie os\u00f3b pomo\u017cesz zbudowa\u0107 w\u0142asn\u0105 firm\u0119, tym bardziej rozwinie si\u0119 Twoja.\nMarketing sieciowy eliminuje po\u015brednik\u00f3w i oferuje produkt prosto od producenta.\nEliminuje te\u017c reklam\u0119, kt\u00f3ra w dzisiejszym \u015bwiecie nie jest rzeteln\u0105 informacj\u0105. Od dawna mamy ju\u017c wyparcie na anonimow\u0105 manipulacj\u0119, anonimowych sprzedawc\u00f3w, kt\u00f3rzy nigdy nie korzystali z produktu, kt\u00f3ry polecaj\u0105. A co najwa\u017cniejsze! Mo\u017cesz budowa\u0107 sw\u00f3j biznes z kim chcesz, gdzie chcesz i kiedy chcesz.\t\t\t<\/p>\n\t\t\t\t\t<\/blockquote>\n\t\t\t\t<\/div>\n\t\t\t\t<\/div>\n\t\t\t\t\t<\/div>\n\t\t<\/div>\n\t\t\t\t\t\t\t<\/div>\n\t\t<\/section>\n\t\t\t\t<section class=\"elementor-section elementor-top-section elementor-element elementor-element-7644f30 elementor-section-height-min-height elementor-section-boxed elementor-section-height-default elementor-section-items-middle\" data-id=\"7644f30\" data-element_type=\"section\" data-settings=\"{&quot;background_background&quot;:&quot;classic&quot;}\">\n\t\t\t\t\t\t<div class=\"elementor-container elementor-column-gap-default\">\n\t\t\t\t\t<div class=\"elementor-column elementor-col-50 elementor-top-column elementor-element elementor-element-62aeec8\" data-id=\"62aeec8\" data-element_type=\"column\">\n\t\t\t<div class=\"elementor-widget-wrap elementor-element-populated\">\n\t\t\t\t\t\t\t\t<div class=\"elementor-element elementor-element-fda09db elementor-widget elementor-widget-text-editor\" data-id=\"fda09db\" data-element_type=\"widget\" data-widget_type=\"text-editor.default\">\n\t\t\t\t<div class=\"elementor-widget-container\">\n\t\t\t\t\t\t\t<p><strong>W\u0142asny biznes z d\u014dTERRA<\/strong><\/p>\t\t\t\t\t\t<\/div>\n\t\t\t\t<\/div>\n\t\t\t\t<div class=\"elementor-element elementor-element-b039fe0 elementor-blockquote--skin-quotation elementor-blockquote--button-color-official elementor-widget elementor-widget-blockquote\" data-id=\"b039fe0\" data-element_type=\"widget\" data-widget_type=\"blockquote.default\">\n\t\t\t\t<div class=\"elementor-widget-container\">\n\t\t\t\t\t<blockquote class=\"elementor-blockquote\">\n\t\t\t<p class=\"elementor-blockquote__content\">\n\t\t\t\tJe\u015bli nadszed\u0142 Tw\u00f3j czas, chcesz i jeste\u015b gotowa, to nic Ci\u0119 ju\u017c nie powstrzyma!\nJe\u015bli tylko za\u015bwita\u0142a Ci my\u015bl o w\u0142asnym biznesie, to zacznij dzia\u0142a\u0107, a ja Ci w tym pomog\u0119.\n\nCzego potrzebuj\u0119 na pocz\u0105tek? \n\nNajwa\u017cniejsza jest decyzja i samodyscyplina. Wszystkie szkolenia  i wiedz\u0119 dostaniesz ode mnie na starcie. Zaczniesz pracowa\u0107, jednocze\u015bnie ucz\u0105c si\u0119.\n\nIle musz\u0119 zainwestowa\u0107?\n\nTwoja inwestycja to przede wszystkim czas i nauka, bo je\u015bli chodzi o finanse, to biznes z olejkami mo\u017cna zacz\u0105\u0107 dos\u0142ownie od jednego olejku i za\u0142o\u017cenia konta klienta hurtowego w d\u014dTERRA, kt\u00f3re kosztuje 20 euro netto. Ale najlepiej zacz\u0105\u0107 prac\u0119 maj\u0105c ju\u017c zestaw olejk\u00f3w. Ja na pocz\u0105tek rekomenduj\u0119 Home Essentials lub mniejszy Family Essentials.\n\nIle czasu zajmie mi praca?\n\nTo zale\u017cy od Ciebie: ile czasu mo\u017cesz po\u015bwi\u0119ci\u0107, jak jeste\u015b zdeterminowana, czy umiesz si\u0119 zorganizowa\u0107. S\u0105 osoby, kt\u00f3re wykonaj\u0105 wi\u0119cej pracy w godzin\u0119 ni\u017c inne przez 10 godzin albo wi\u0119cej. Ale podstawa to systematyczno\u015b\u0107 i codzienny rozw\u00f3j osobisty \u2013 bez tego nie da si\u0119 prowadzi\u0107 tego biznesu. Masz codziennie do wykonania kilka czynno\u015bci, kt\u00f3re w skali ca\u0142ego roku prowadz\u0105 do wielkich rezultat\u00f3w. Ja oczywi\u015bcie pomog\u0119 Ci zorganizowa\u0107 ten czas i wybra\u0107 zadania przynosz\u0105ce efekt, \u017ceby tego czasu niepotrzebnie nie traci\u0107.\n\nKiedy zaczn\u0119 zarabia\u0107?\n\nTo r\u00f3wnie\u017c zale\u017cy g\u0142\u00f3wnie od Ciebie \u2013 d\u014dTERRA wyp\u0142aci Ci premi\u0119 od zakup\u00f3w os\u00f3b, kt\u00f3re wyedukowa\u0142a\u015b. Zale\u017cy ile zorganizujesz lekcji o olejkach, jak wielu osobom o nich opowiesz i czy b\u0119dziesz potrafi\u0142a wyt\u0142umaczy\u0107 im, do czego mog\u0105 u\u017cywa\u0107 olejki w \u017cyciu. Zatem im wi\u0119kszej liczbie ludzi pomo\u017cesz \u2013 tym wyp\u0142ata b\u0119dzie wi\u0119ksza i szybciej.\n\nAle ja nie chc\u0119 zajmowa\u0107 si\u0119 sprzeda\u017c\u0105!\n\nTo najcz\u0119\u015bciej rodzi opory u ka\u017cdego z nas, ale po pierwsze, nie sprzedajemy nic poza swoj\u0105 wiedz\u0105 i do\u015bwiadczeniem \u2013 a to ca\u0142kiem przyjemna sprzeda\u017c.\nPo drugie, osoby, kt\u00f3re do nas przychodz\u0105  same kupuj\u0105 olejki od d\u014dTERRA, my mo\u017cemy im jedynie podpowiedzie\u0107 najkorzystniejsz\u0105 dla nich opcj\u0119.\nPo trzecie ka\u017cdy, ale to absolutnie ka\u017cdy z nas co\u015b sprzedaje. Swoj\u0105 osob\u0119 szefowi, swoje us\u0142ugi, produkty, wiedz\u0119. Nawet matka \u201esprzedaje\u201d dzieciom zdrowe jedzenie, uzyskuj\u0105c wynagrodzenie w postaci ich zdrowia. Wi\u0119c nie demonizujmy sprzeda\u017cy. To tylko zwyk\u0142a wymiana: kto\u015b ma co\u015b, co chce mie\u0107 kto\u015b inny i wymieniaj\u0105 si\u0119 towarami, pieni\u0119dzmi, us\u0142ugami czy przys\u0142ugami. Tak by\u0142o od pocz\u0105tku \u015bwiata i b\u0119dzie zawsze.\n\nJak si\u0119 do tego zabra\u0107? Od czego zacz\u0105\u0107?\n\nNapisz do mnie, a ja poprowadz\u0119 Ci\u0119 krok po kroku. Do\u0142\u0105czysz do naszego zespo\u0142u i grupy na Facebooku, dostaniesz materia\u0142y i komplet szkole\u0144 online lub  stacjonarnych. Co tydzie\u0144 mo\u017cesz wzi\u0105\u0107 udzia\u0142 w naradach zespo\u0142u, poznasz inne osoby, kt\u00f3re tak jak Ty, dopiero zaczynaj\u0105. Zaczniesz uczestniczy\u0107 w lekcjach o olejkach eterycznych, kt\u00f3re prowadzimy i b\u0119dziesz si\u0119 uczy\u0107 przez dzia\u0142anie. Ca\u0142y czas b\u0119d\u0119 dostarcza\u0107 Ci wsparcia i wiedzy, kt\u00f3rej b\u0119dziesz potrzebowa\u0142a. Nic na razie nie musisz umie\u0107, ja te\u017c zaczyna\u0142am  \u201eod zera\u201d i wiem jak to jest. I uwierz mi, b\u0119dzie dobrze!\n\nSkontaktuj si\u0119 ze mn\u0105 przez formularz kontaktowy lub napisz wiadomo\u015b\u0107 na Instagramie, Facebooku.\n\nCzekam na Ciebie!\t\t\t<\/p>\n\t\t\t\t\t<\/blockquote>\n\t\t\t\t<\/div>\n\t\t\t\t<\/div>\n\t\t\t\t\t<\/div>\n\t\t<\/div>\n\t\t\t\t<div class=\"elementor-column elementor-col-50 elementor-top-column elementor-element elementor-element-f51aef9 elementor-hidden-tablet elementor-hidden-phone\" data-id=\"f51aef9\" data-element_type=\"column\">\n\t\t\t<div class=\"elementor-widget-wrap elementor-element-populated\">\n\t\t\t\t\t\t\t\t<div class=\"elementor-element elementor-element-d52ea6a elementor-widget elementor-widget-image\" data-id=\"d52ea6a\" data-element_type=\"widget\" data-widget_type=\"image.default\">\n\t\t\t\t<div class=\"elementor-widget-container\">\n\t\t\t\t\t\t\t\t\t\t\t\t\t\t\t<img src=\"https:\/\/ins.stronazen.pl\/is\/wp-content\/uploads\/elementor\/thumbs\/AdobeStock_389346241-scaled-pinzw2w37tkjp8mmy8kt2185ab5914cfoovt2qabrk.jpeg\" title=\"white delicate flowers in a pink envelope on white background\" alt=\"top view closeup of white delicate flowers in bloom on an open vintage pink paper envelope on beige background\" \/>\t\t\t\t\t\t\t\t\t\t\t\t\t\t\t<\/div>\n\t\t\t\t<\/div>\n\t\t\t\t\t<\/div>\n\t\t<\/div>\n\t\t\t\t\t\t\t<\/div>\n\t\t<\/section>\n\t\t\t\t<section class=\"elementor-section elementor-top-section elementor-element elementor-element-f7f8757 elementor-section-height-min-height elementor-section-boxed elementor-section-height-default elementor-section-items-middle\" data-id=\"f7f8757\" data-element_type=\"section\">\n\t\t\t\t\t\t<div class=\"elementor-container elementor-column-gap-default\">\n\t\t\t\t\t<div class=\"elementor-column elementor-col-50 elementor-top-column elementor-element elementor-element-ec5a3c6\" data-id=\"ec5a3c6\" data-element_type=\"column\">\n\t\t\t<div class=\"elementor-widget-wrap elementor-element-populated\">\n\t\t\t\t\t\t\t\t<div class=\"elementor-element elementor-element-34ea525 elementor-widget elementor-widget-image\" data-id=\"34ea525\" data-element_type=\"widget\" data-widget_type=\"image.default\">\n\t\t\t\t<div class=\"elementor-widget-container\">\n\t\t\t\t\t\t\t\t\t\t\t\t\t\t\t<img src=\"https:\/\/ins.stronazen.pl\/is\/wp-content\/uploads\/elementor\/thumbs\/AdobeStock_437187920-scaled-pinzustzwxthwchjf6o35uuk6fg9jy9l6cx0k66m8g.jpeg\" title=\"World environment day with global community teamwork, CSR and ES\" alt=\"Global community teamwork, CSR and ESG environmental energy saving collaboration among young children with partnership hands stack together on green background for sustainable development goal concept\" \/>\t\t\t\t\t\t\t\t\t\t\t\t\t\t\t<\/div>\n\t\t\t\t<\/div>\n\t\t\t\t\t<\/div>\n\t\t<\/div>\n\t\t\t\t<div class=\"elementor-column elementor-col-50 elementor-top-column elementor-element elementor-element-939e289\" data-id=\"939e289\" data-element_type=\"column\" data-settings=\"{&quot;background_background&quot;:&quot;classic&quot;}\">\n\t\t\t<div class=\"elementor-widget-wrap elementor-element-populated\">\n\t\t\t\t\t\t\t\t<div class=\"elementor-element elementor-element-9f72125 elementor-widget elementor-widget-text-editor\" data-id=\"9f72125\" data-element_type=\"widget\" data-widget_type=\"text-editor.default\">\n\t\t\t\t<div class=\"elementor-widget-container\">\n\t\t\t\t\t\t\t<p>Moja pomoc<\/p>\t\t\t\t\t\t<\/div>\n\t\t\t\t<\/div>\n\t\t\t\t<div class=\"elementor-element elementor-element-cc466c1 elementor-blockquote--skin-quotation elementor-blockquote--button-color-official elementor-widget elementor-widget-blockquote\" data-id=\"cc466c1\" data-element_type=\"widget\" data-widget_type=\"blockquote.default\">\n\t\t\t\t<div class=\"elementor-widget-container\">\n\t\t\t\t\t<blockquote class=\"elementor-blockquote\">\n\t\t\t<p class=\"elementor-blockquote__content\">\n\t\t\t\tW Polsce dopiero oko\u0142o 10.000 os\u00f3b korzysta z olejk\u00f3w eterycznych d\u014dTERRA. Tak ma\u0142o os\u00f3b wie, \u017ce mo\u017ce sobie pom\u00f3c w naturalny, nie powoduj\u0105cy skutk\u00f3w ubocznych, spos\u00f3b. Jest naprawd\u0119 du\u017co do zrobienia i mo\u017cemy wsp\u00f3lnie uczestniczy\u0107 w tej Naturalnej rEwolucji oraz budowa\u0107 fundamenty d\u014dTERRA w Polsce.\n\nJe\u015bli zdecydujesz si\u0119 do\u0142\u0105czy\u0107 do mojej grupy pomog\u0119 Ci we wszystkim. Tutaj ka\u017cdy zaczyna od zera, nie ma szefa ani pracownik\u00f3w. Jest natomiast wsparcie i wsp\u00f3lna praca. Ja te\u017c niedawno by\u0142am na pocz\u0105tku. Po dw\u00f3ch latach pracy mam wspania\u0142y zesp\u00f3\u0142, kt\u00f3ry szybko ro\u015bnie.\n\nPodziel\u0119 si\u0119 z Tob\u0105 moim do\u015bwiadczeniem, poprowadz\u0119 krok po kroku i b\u0119d\u0119 wspiera\u0107 w budowaniu. Mamy narz\u0119dzia i szkolenia, kt\u00f3re pomog\u0105 Ci wystartowa\u0107. W marketingu sieciowym nie trzeba mie\u0107 talentu. Decyzja i narz\u0119dzia wystarcz\u0105.\nZapraszam do wsp\u00f3lnej pracy na powa\u017cnie.\t\t\t<\/p>\n\t\t\t\t\t<\/blockquote>\n\t\t\t\t<\/div>\n\t\t\t\t<\/div>\n\t\t\t\t\t<\/div>\n\t\t<\/div>\n\t\t\t\t\t\t\t<\/div>\n\t\t<\/section>\n\t\t\t\t<section class=\"elementor-section elementor-top-section elementor-element elementor-element-59ee07e elementor-hidden-tablet elementor-hidden-phone elementor-section-boxed elementor-section-height-default elementor-section-height-default\" data-id=\"59ee07e\" data-element_type=\"section\">\n\t\t\t\t\t\t<div class=\"elementor-container elementor-column-gap-default\">\n\t\t\t\t\t<div class=\"elementor-column elementor-col-50 elementor-top-column elementor-element elementor-element-4075ac1\" data-id=\"4075ac1\" data-element_type=\"column\">\n\t\t\t<div class=\"elementor-widget-wrap elementor-element-populated\">\n\t\t\t\t\t\t\t\t<div class=\"elementor-element elementor-element-e8f031e elementor-widget elementor-widget-image\" data-id=\"e8f031e\" data-element_type=\"widget\" data-widget_type=\"image.default\">\n\t\t\t\t<div class=\"elementor-widget-container\">\n\t\t\t\t\t\t\t\t\t\t\t\t\t\t\t<img src=\"https:\/\/ins.stronazen.pl\/is\/wp-content\/uploads\/2021\/10\/logo_el.png\" title=\"logo_el\" alt=\"logo_el\" \/>\t\t\t\t\t\t\t\t\t\t\t\t\t\t\t<\/div>\n\t\t\t\t<\/div>\n\t\t\t\t\t<\/div>\n\t\t<\/div>\n\t\t\t\t<div class=\"elementor-column elementor-col-50 elementor-top-column elementor-element elementor-element-d1e43cf\" data-id=\"d1e43cf\" data-element_type=\"column\">\n\t\t\t<div class=\"elementor-widget-wrap elementor-element-populated\">\n\t\t\t\t\t\t\t\t<div class=\"elementor-element elementor-element-30aa1e1 elementor-widget elementor-widget-text-editor\" data-id=\"30aa1e1\" data-element_type=\"widget\" data-widget_type=\"text-editor.default\">\n\t\t\t\t<div class=\"elementor-widget-container\">\n\t\t\t\t\t\t\t<p>oilstory<\/p>\t\t\t\t\t\t<\/div>\n\t\t\t\t<\/div>\n\t\t\t\t\t<\/div>\n\t\t<\/div>\n\t\t\t\t\t\t\t<\/div>\n\t\t<\/section>\n\t\t\t\t<section class=\"elementor-section elementor-top-section elementor-element elementor-element-398fef9 elementor-section-boxed elementor-section-height-default elementor-section-height-default\" data-id=\"398fef9\" data-element_type=\"section\">\n\t\t\t\t\t\t<div class=\"elementor-container elementor-column-gap-default\">\n\t\t\t\t\t<div class=\"elementor-column elementor-col-50 elementor-top-column elementor-element elementor-element-88e98a2\" data-id=\"88e98a2\" data-element_type=\"column\">\n\t\t\t<div class=\"elementor-widget-wrap elementor-element-populated\">\n\t\t\t\t\t\t\t\t<div class=\"elementor-element elementor-element-dbab5cd elementor-widget elementor-widget-heading\" data-id=\"dbab5cd\" data-element_type=\"widget\" data-widget_type=\"heading.default\">\n\t\t\t\t<div class=\"elementor-widget-container\">\n\t\t\t<h2 class=\"elementor-heading-title elementor-size-default\">Napisz do mnie <\/h2>\t\t<\/div>\n\t\t\t\t<\/div>\n\t\t\t\t<div class=\"elementor-element elementor-element-dd74bb1 elementor-widget-divider--view-line elementor-widget elementor-widget-divider\" data-id=\"dd74bb1\" data-element_type=\"widget\" data-widget_type=\"divider.default\">\n\t\t\t\t<div class=\"elementor-widget-container\">\n\t\t\t\t\t<div class=\"elementor-divider\">\n\t\t\t<span class=\"elementor-divider-separator\">\n\t\t\t\t\t\t<\/span>\n\t\t<\/div>\n\t\t\t\t<\/div>\n\t\t\t\t<\/div>\n\t\t\t\t<div class=\"elementor-element elementor-element-1615322 elementor-widget elementor-widget-text-editor\" data-id=\"1615322\" data-element_type=\"widget\" data-widget_type=\"text-editor.default\">\n\t\t\t\t<div class=\"elementor-widget-container\">\n\t\t\t\t\t\t\t<p>Chcesz dowiedzie\u0107 si\u0119 wi\u0119cej o <span style=\"font-weight: 400;\">d\u014dTERRA<\/span>? Interesuje Ci\u0119 wsp\u00f3\u0142praca ze mn\u0105? Napisz. Na pewno odpowiem.<\/p>\t\t\t\t\t\t<\/div>\n\t\t\t\t<\/div>\n\t\t\t\t<div class=\"elementor-element elementor-element-dc78fa2 elementor-widget elementor-widget-image\" data-id=\"dc78fa2\" data-element_type=\"widget\" data-widget_type=\"image.default\">\n\t\t\t\t<div class=\"elementor-widget-container\">\n\t\t\t\t\t\t\t\t\t\t\t\t\t\t\t<img src=\"https:\/\/ins.stronazen.pl\/is\/wp-content\/uploads\/elementor\/thumbs\/logo_el-pesg2q6mshha4lbxbi6fwuvc0ouiqqlshot6cq3a4g.png\" title=\"logo_el\" alt=\"logo_el\" \/>\t\t\t\t\t\t\t\t\t\t\t\t\t\t\t<\/div>\n\t\t\t\t<\/div>\n\t\t\t\t\t<\/div>\n\t\t<\/div>\n\t\t\t\t<div class=\"elementor-column elementor-col-50 elementor-top-column elementor-element elementor-element-296471c\" data-id=\"296471c\" data-element_type=\"column\">\n\t\t\t<div class=\"elementor-widget-wrap elementor-element-populated\">\n\t\t\t\t\t\t\t\t<div class=\"elementor-element elementor-element-e8186e3 elementor-button-align-center elementor-widget elementor-widget-form\" data-id=\"e8186e3\" data-element_type=\"widget\" data-settings=\"{&quot;step_next_label&quot;:&quot;Next&quot;,&quot;step_previous_label&quot;:&quot;Previous&quot;,&quot;button_width&quot;:&quot;100&quot;,&quot;step_type&quot;:&quot;number_text&quot;,&quot;step_icon_shape&quot;:&quot;circle&quot;}\" data-widget_type=\"form.default\">\n\t\t\t\t<div class=\"elementor-widget-container\">\n\t\t\t\t\t<form class=\"elementor-form\" method=\"post\" name=\"New Form\">\n\t\t\t<input type=\"hidden\" name=\"post_id\" value=\"481\"\/>\n\t\t\t<input type=\"hidden\" name=\"form_id\" value=\"e8186e3\"\/>\n\t\t\t<input type=\"hidden\" name=\"referer_title\" value=\"\" \/>\n\n\t\t\t\n\t\t\t<div class=\"elementor-form-fields-wrapper elementor-labels-above\">\n\t\t\t\t\t\t\t\t<div class=\"elementor-field-type-text elementor-field-group elementor-column elementor-field-group-name elementor-col-100\">\n\t\t\t\t\t\t\t\t\t\t\t\t\t<input size=\"1\" type=\"text\" name=\"form_fields[name]\" id=\"form-field-name\" class=\"elementor-field elementor-size-md  elementor-field-textual\" placeholder=\"Imi\u0119\">\n\t\t\t\t\t\t\t\t\t\t\t<\/div>\n\t\t\t\t\t\t\t\t<div class=\"elementor-field-type-email elementor-field-group elementor-column elementor-field-group-email elementor-col-100 elementor-field-required\">\n\t\t\t\t\t\t\t\t\t\t\t\t\t<input size=\"1\" type=\"email\" name=\"form_fields[email]\" id=\"form-field-email\" class=\"elementor-field elementor-size-md  elementor-field-textual\" placeholder=\"Email\" required=\"required\" aria-required=\"true\">\n\t\t\t\t\t\t\t\t\t\t\t<\/div>\n\t\t\t\t\t\t\t\t<div class=\"elementor-field-type-textarea elementor-field-group elementor-column elementor-field-group-message elementor-col-100\">\n\t\t\t\t\t<textarea class=\"elementor-field-textual elementor-field  elementor-size-md\" name=\"form_fields[message]\" id=\"form-field-message\" rows=\"4\" placeholder=\"Twoja wiadomo\u015b\u0107\"><\/textarea>\t\t\t\t<\/div>\n\t\t\t\t\t\t\t\t<div class=\"elementor-field-group elementor-column elementor-field-type-submit elementor-col-100 e-form__buttons\">\n\t\t\t\t\t<button type=\"submit\" class=\"elementor-button elementor-size-sm\">\n\t\t\t\t\t\t<span >\n\t\t\t\t\t\t\t\t\t\t\t\t\t\t\t<span class=\"elementor-align-icon-right elementor-button-icon\">\n\t\t\t\t\t\t\t\t\t<i aria-hidden=\"true\" class=\"far fa-paper-plane\"><\/i>\t\t\t\t\t\t\t\t\t\t\t\t\t\t\t\t\t<\/span>\n\t\t\t\t\t\t\t\t\t\t\t\t\t\t\t\t\t\t\t\t\t\t<span class=\"elementor-button-text\">WY\u015aLIJ<\/span>\n\t\t\t\t\t\t\t\t\t\t\t\t\t<\/span>\n\t\t\t\t\t<\/button>\n\t\t\t\t<\/div>\n\t\t\t<\/div>\n\t\t<\/form>\n\t\t\t\t<\/div>\n\t\t\t\t<\/div>\n\t\t\t\t\t<\/div>\n\t\t<\/div>\n\t\t\t\t\t\t\t<\/div>\n\t\t<\/section>\n\t\t\t\t\t\t<\/div>\n\t\t\t\t\t<\/div>\n\t\t","protected":false},"excerpt":{"rendered":"<p>pracujmy razem Zalety marketingu sieciowego Czym jest marketing sieciowy? \u201ePomys\u0142 jest prosty, a jednocze\u015bnie genialny: zamiast wydawa\u0107 miliony na profesjonalne agencje i kana\u0142y dystrybucji, aby promowa\u0107 produkt lub us\u0142ug\u0119, p\u0142aci si\u0119 ludziom, kt\u00f3rzy ch\u0119tnie z tych pieni\u0119dzy skorzystaj\u0105, za to, \u017ce o tym produkcie lub us\u0142udze, opowiadaj\u0105 innym. W\u0142a\u015bnie to robi firma prowadz\u0105ca marketing sieciowy: [&hellip;]<\/p>\n","protected":false},"author":1,"featured_media":0,"parent":0,"menu_order":0,"comment_status":"closed","ping_status":"closed","template":"","meta":[],"_links":{"self":[{"href":"https:\/\/ins.stronazen.pl\/is\/wp-json\/wp\/v2\/pages\/481"}],"collection":[{"href":"https:\/\/ins.stronazen.pl\/is\/wp-json\/wp\/v2\/pages"}],"about":[{"href":"https:\/\/ins.stronazen.pl\/is\/wp-json\/wp\/v2\/types\/page"}],"author":[{"embeddable":true,"href":"https:\/\/ins.stronazen.pl\/is\/wp-json\/wp\/v2\/users\/1"}],"replies":[{"embeddable":true,"href":"https:\/\/ins.stronazen.pl\/is\/wp-json\/wp\/v2\/comments?post=481"}],"version-history":[{"count":91,"href":"https:\/\/ins.stronazen.pl\/is\/wp-json\/wp\/v2\/pages\/481\/revisions"}],"predecessor-version":[{"id":1067,"href":"https:\/\/ins.stronazen.pl\/is\/wp-json\/wp\/v2\/pages\/481\/revisions\/1067"}],"wp:attachment":[{"href":"https:\/\/ins.stronazen.pl\/is\/wp-json\/wp\/v2\/media?parent=481"}],"curies":[{"name":"wp","href":"https:\/\/api.w.org\/{rel}","templated":true}]}}