{"id":428,"date":"2021-09-01T12:21:29","date_gmt":"2021-09-01T10:21:29","guid":{"rendered":"https:\/\/ins.stronazen.pl\/is\/?page_id=428"},"modified":"2022-03-15T20:09:14","modified_gmt":"2022-03-15T18:09:14","slug":"o-mnie","status":"publish","type":"page","link":"https:\/\/ins.stronazen.pl\/is\/o-mnie\/","title":{"rendered":"O mnie"},"content":{"rendered":"\t\t<div data-elementor-type=\"wp-page\" data-elementor-id=\"428\" class=\"elementor elementor-428\" data-elementor-settings=\"[]\">\n\t\t\t\t\t\t\t<div class=\"elementor-section-wrap\">\n\t\t\t\t\t\t\t<section class=\"elementor-section elementor-top-section elementor-element elementor-element-4caf8bba elementor-section-height-min-height elementor-section-boxed elementor-section-height-default elementor-section-items-middle\" data-id=\"4caf8bba\" data-element_type=\"section\" data-settings=\"{&quot;background_background&quot;:&quot;slideshow&quot;,&quot;background_slideshow_gallery&quot;:[{&quot;id&quot;:937,&quot;url&quot;:&quot;https:\\\/\\\/ins.stronazen.pl\\\/is\\\/wp-content\\\/uploads\\\/2022\\\/01\\\/AdobeStock_246586912-scaled.jpeg&quot;}],&quot;background_slideshow_loop&quot;:&quot;yes&quot;,&quot;background_slideshow_slide_duration&quot;:5000,&quot;background_slideshow_slide_transition&quot;:&quot;fade&quot;,&quot;background_slideshow_transition_duration&quot;:500}\">\n\t\t\t\t\t\t<div class=\"elementor-container elementor-column-gap-default\">\n\t\t\t\t\t<div class=\"elementor-column elementor-col-100 elementor-top-column elementor-element elementor-element-339d6768\" data-id=\"339d6768\" data-element_type=\"column\">\n\t\t\t<div class=\"elementor-widget-wrap elementor-element-populated\">\n\t\t\t\t\t\t\t\t<div class=\"elementor-element elementor-element-05a86bd elementor-headline--style-highlight elementor-invisible elementor-widget elementor-widget-animated-headline\" data-id=\"05a86bd\" data-element_type=\"widget\" data-settings=\"{&quot;marker&quot;:&quot;underline_zigzag&quot;,&quot;highlighted_text&quot;:&quot;jestem? &quot;,&quot;_animation&quot;:&quot;zoomIn&quot;,&quot;headline_style&quot;:&quot;highlight&quot;,&quot;loop&quot;:&quot;yes&quot;,&quot;highlight_animation_duration&quot;:1200,&quot;highlight_iteration_delay&quot;:8000}\" data-widget_type=\"animated-headline.default\">\n\t\t\t\t<div class=\"elementor-widget-container\">\n\t\t\t\t\t<h2 class=\"elementor-headline\">\n\t\t\t\t\t<span class=\"elementor-headline-plain-text elementor-headline-text-wrapper\">kim<\/span>\n\t\t\t\t<span class=\"elementor-headline-dynamic-wrapper elementor-headline-text-wrapper\">\n\t\t\t\t\t<span class=\"elementor-headline-dynamic-text elementor-headline-text-active\">jestem? <\/span>\n\t\t\t\t<\/span>\n\t\t\t\t<\/h2>\n\t\t\t\t<\/div>\n\t\t\t\t<\/div>\n\t\t\t\t\t<\/div>\n\t\t<\/div>\n\t\t\t\t\t\t\t<\/div>\n\t\t<\/section>\n\t\t\t\t<section class=\"elementor-section elementor-top-section elementor-element elementor-element-a38cb72 elementor-section-height-min-height elementor-section-boxed elementor-section-height-default elementor-section-items-middle\" data-id=\"a38cb72\" data-element_type=\"section\">\n\t\t\t\t\t\t<div class=\"elementor-container elementor-column-gap-default\">\n\t\t\t\t\t<div class=\"elementor-column elementor-col-50 elementor-top-column elementor-element elementor-element-7b82d09 elementor-hidden-tablet elementor-hidden-phone\" data-id=\"7b82d09\" data-element_type=\"column\">\n\t\t\t<div class=\"elementor-widget-wrap elementor-element-populated\">\n\t\t\t\t\t\t\t\t<div class=\"elementor-element elementor-element-508323d elementor-widget elementor-widget-image\" data-id=\"508323d\" data-element_type=\"widget\" data-widget_type=\"image.default\">\n\t\t\t\t<div class=\"elementor-widget-container\">\n\t\t\t\t\t\t\t\t\t\t\t\t\t\t\t<img width=\"1066\" height=\"1600\" src=\"https:\/\/ins.stronazen.pl\/is\/wp-content\/uploads\/2022\/02\/A8A96700-1842-473A-9233-B473E47C529C.jpeg\" class=\"attachment-full size-full\" alt=\"\" loading=\"lazy\" srcset=\"https:\/\/ins.stronazen.pl\/is\/wp-content\/uploads\/2022\/02\/A8A96700-1842-473A-9233-B473E47C529C.jpeg 1066w, https:\/\/ins.stronazen.pl\/is\/wp-content\/uploads\/2022\/02\/A8A96700-1842-473A-9233-B473E47C529C-200x300.jpeg 200w, https:\/\/ins.stronazen.pl\/is\/wp-content\/uploads\/2022\/02\/A8A96700-1842-473A-9233-B473E47C529C-682x1024.jpeg 682w, https:\/\/ins.stronazen.pl\/is\/wp-content\/uploads\/2022\/02\/A8A96700-1842-473A-9233-B473E47C529C-768x1153.jpeg 768w, https:\/\/ins.stronazen.pl\/is\/wp-content\/uploads\/2022\/02\/A8A96700-1842-473A-9233-B473E47C529C-1023x1536.jpeg 1023w\" sizes=\"(max-width: 1066px) 100vw, 1066px\" \/>\t\t\t\t\t\t\t\t\t\t\t\t\t\t\t<\/div>\n\t\t\t\t<\/div>\n\t\t\t\t\t<\/div>\n\t\t<\/div>\n\t\t\t\t<div class=\"elementor-column elementor-col-50 elementor-top-column elementor-element elementor-element-8b27dc3\" data-id=\"8b27dc3\" data-element_type=\"column\" data-settings=\"{&quot;background_background&quot;:&quot;classic&quot;}\">\n\t\t\t<div class=\"elementor-widget-wrap elementor-element-populated\">\n\t\t\t\t\t\t\t\t<div class=\"elementor-element elementor-element-5e07474 elementor-widget elementor-widget-text-editor\" data-id=\"5e07474\" data-element_type=\"widget\" data-widget_type=\"text-editor.default\">\n\t\t\t\t<div class=\"elementor-widget-container\">\n\t\t\t\t\t\t\t<p>Poznajmy si\u0119\u00a0<\/p>\t\t\t\t\t\t<\/div>\n\t\t\t\t<\/div>\n\t\t\t\t<div class=\"elementor-element elementor-element-d5693b2 elementor-blockquote--skin-quotation elementor-blockquote--button-color-official elementor-widget elementor-widget-blockquote\" data-id=\"d5693b2\" data-element_type=\"widget\" data-widget_type=\"blockquote.default\">\n\t\t\t\t<div class=\"elementor-widget-container\">\n\t\t\t\t\t<blockquote class=\"elementor-blockquote\">\n\t\t\t<p class=\"elementor-blockquote__content\">\n\t\t\t\t\t\t\t<\/p>\n\t\t\t\t\t<\/blockquote>\n\t\t\t\t<\/div>\n\t\t\t\t<\/div>\n\t\t\t\t<div class=\"elementor-element elementor-element-a181db8 elementor-widget elementor-widget-text-editor\" data-id=\"a181db8\" data-element_type=\"widget\" data-widget_type=\"text-editor.default\">\n\t\t\t\t<div class=\"elementor-widget-container\">\n\t\t\t\t\t\t\t<p>Nazywam si\u0119 Ilona Siemczyk i zajmuj\u0119 si\u0119 edukacj\u0105 o naturalnych sposobach wspierania zdrowia olejkami eterycznymi.<\/p><p>Z uwa\u017cno\u015bci\u0105 stosowa\u0142am rady mojej babci i mamy dotycz\u0105ce na profilaktyki zdrowia (czosnek, cebula, syrop malinowy na przezi\u0119bienie) jak i urody (dro\u017cd\u017ce na tr\u0105dzik, jajka, rycyna, cytryna na pi\u0119kne w\u0142osy, piwo na u\u0142o\u017cenie w\u0142os\u00f3w) i\u00a0 kiedy olejki eteryczne mnie znalaz\u0142y od razu zacz\u0119\u0142am ich do\u015bwiadcza\u0107.<\/p><p>Zamieniam syntetyczne preparaty, kosmetyki, \u015brodki czysto\u015bci na naturalne. Systematycznie\u00a0 rezygnuj\u0119 z chemii w moim otoczeniu widz\u0105c jak olejki eteryczne s\u0105 wszechstronne, poMOCne i zdrowe.<\/p>\t\t\t\t\t\t<\/div>\n\t\t\t\t<\/div>\n\t\t\t\t\t<\/div>\n\t\t<\/div>\n\t\t\t\t\t\t\t<\/div>\n\t\t<\/section>\n\t\t\t\t<section class=\"elementor-section elementor-top-section elementor-element elementor-element-7644f30 elementor-section-height-min-height elementor-section-boxed elementor-section-height-default elementor-section-items-middle\" data-id=\"7644f30\" data-element_type=\"section\" data-settings=\"{&quot;background_background&quot;:&quot;classic&quot;}\">\n\t\t\t\t\t\t<div class=\"elementor-container elementor-column-gap-default\">\n\t\t\t\t\t<div class=\"elementor-column elementor-col-50 elementor-top-column elementor-element elementor-element-62aeec8\" data-id=\"62aeec8\" data-element_type=\"column\">\n\t\t\t<div class=\"elementor-widget-wrap elementor-element-populated\">\n\t\t\t\t\t\t\t\t<div class=\"elementor-element elementor-element-16c3d3b elementor-widget elementor-widget-text-editor\" data-id=\"16c3d3b\" data-element_type=\"widget\" data-widget_type=\"text-editor.default\">\n\t\t\t\t<div class=\"elementor-widget-container\">\n\t\t\t\t\t\t\t<p><strong>Marketing sieciowy<\/strong><\/p>\t\t\t\t\t\t<\/div>\n\t\t\t\t<\/div>\n\t\t\t\t<div class=\"elementor-element elementor-element-b039fe0 elementor-blockquote--skin-quotation elementor-blockquote--button-color-official elementor-widget elementor-widget-blockquote\" data-id=\"b039fe0\" data-element_type=\"widget\" data-widget_type=\"blockquote.default\">\n\t\t\t\t<div class=\"elementor-widget-container\">\n\t\t\t\t\t<blockquote class=\"elementor-blockquote\">\n\t\t\t<p class=\"elementor-blockquote__content\">\n\t\t\t\t\t\t\t<\/p>\n\t\t\t\t\t<\/blockquote>\n\t\t\t\t<\/div>\n\t\t\t\t<\/div>\n\t\t\t\t<div class=\"elementor-element elementor-element-1fef8c2 elementor-widget elementor-widget-text-editor\" data-id=\"1fef8c2\" data-element_type=\"widget\" data-widget_type=\"text-editor.default\">\n\t\t\t\t<div class=\"elementor-widget-container\">\n\t\t\t\t\t\t\t<p>Do dnia poznania doTERRA marketing sieciowy by\u0142 dla mnie niezrozumia\u0142ym \u201eczym\u015b\u201d, nawet nie biznesem\/sposobem zarabiana, tylko dziwnym rodzajem dystrybuowania towar\u00f3w, bardziej by\u0142a to sprzeda\u017c bezpo\u015brednia. Takie nazwy jak marketing szeptany, marketing sieciowy czy przych\u00f3d pasywny nie by\u0142y mi znane. Dzi\u0119ki szkoleniom i odpowiedniej lekturze o MLM, zg\u0142\u0119bi\u0142am wiedz\u0119 i zrozumia\u0142am ten model biznesowy jaki wybrali za\u0142o\u017cyciele doTERRA w 2008 r, kiedy zak\u0142adali firm\u0119. Jest to najlepszy spos\u00f3b przedstawienia ekskluzywnego produktu jakim jest olejek eteryczny. Pozwala na bezpo\u015bredni kontakt z konsumentem, samodzielne poznanie wszechstronno\u015bci olejk\u00f3w eterycznych oraz zasad ich stosowania prze odbiorc\u00f3w. Marketing sieciowy to biznes XXI wieku maj\u0105cy niestety z\u0142\u0105 pras\u0119, z\u0142e skojarzenia i b\u0142\u0119dn\u0105 klasyfikacj\u0119.<\/p>\t\t\t\t\t\t<\/div>\n\t\t\t\t<\/div>\n\t\t\t\t\t<\/div>\n\t\t<\/div>\n\t\t\t\t<div class=\"elementor-column elementor-col-50 elementor-top-column elementor-element elementor-element-f51aef9 elementor-hidden-phone\" data-id=\"f51aef9\" data-element_type=\"column\">\n\t\t\t<div class=\"elementor-widget-wrap elementor-element-populated\">\n\t\t\t\t\t\t\t\t<div class=\"elementor-element elementor-element-d52ea6a elementor-widget elementor-widget-image\" data-id=\"d52ea6a\" data-element_type=\"widget\" data-widget_type=\"image.default\">\n\t\t\t\t<div class=\"elementor-widget-container\">\n\t\t\t\t\t\t\t\t\t\t\t\t\t\t\t<img src=\"https:\/\/ins.stronazen.pl\/is\/wp-content\/uploads\/elementor\/thumbs\/AdobeStock_246773869-scaled-pio0c4ytyxjw1fay6ogd5hcmm9zziz3cw63f7wh7gw.jpeg\" title=\"Summer background with frame, nature of tropical golden beach wi\" alt=\"Summer background with frame, nature of tropical golden beach with rays of sun light and leaf palm. Golden sand beach close-up, sea,  blue sky, white clouds. Copy space, summer vacation concept.\" \/>\t\t\t\t\t\t\t\t\t\t\t\t\t\t\t<\/div>\n\t\t\t\t<\/div>\n\t\t\t\t\t<\/div>\n\t\t<\/div>\n\t\t\t\t\t\t\t<\/div>\n\t\t<\/section>\n\t\t\t\t<section class=\"elementor-section elementor-top-section elementor-element elementor-element-f7f8757 elementor-section-height-min-height elementor-section-boxed elementor-section-height-default elementor-section-items-middle\" data-id=\"f7f8757\" data-element_type=\"section\">\n\t\t\t\t\t\t<div class=\"elementor-container elementor-column-gap-default\">\n\t\t\t\t\t<div class=\"elementor-column elementor-col-50 elementor-top-column elementor-element elementor-element-ec5a3c6 elementor-hidden-tablet elementor-hidden-phone\" data-id=\"ec5a3c6\" data-element_type=\"column\">\n\t\t\t<div class=\"elementor-widget-wrap elementor-element-populated\">\n\t\t\t\t\t\t\t\t<div class=\"elementor-element elementor-element-34ea525 elementor-widget elementor-widget-image\" data-id=\"34ea525\" data-element_type=\"widget\" data-widget_type=\"image.default\">\n\t\t\t\t<div class=\"elementor-widget-container\">\n\t\t\t\t\t\t\t\t\t\t\t\t\t\t\t<img src=\"https:\/\/ins.stronazen.pl\/is\/wp-content\/uploads\/elementor\/thumbs\/AdobeStock_234269064-scaled-pinzkzeoj8domyqwqxwd4c18tju95raihrmg44qn80.jpeg\" title=\"Woman pouring eucalyptus essential oil into bowl on wooden table\" alt=\"Woman pouring eucalyptus essential oil into bowl on wooden table\" \/>\t\t\t\t\t\t\t\t\t\t\t\t\t\t\t<\/div>\n\t\t\t\t<\/div>\n\t\t\t\t\t<\/div>\n\t\t<\/div>\n\t\t\t\t<div class=\"elementor-column elementor-col-50 elementor-top-column elementor-element elementor-element-939e289\" data-id=\"939e289\" data-element_type=\"column\" data-settings=\"{&quot;background_background&quot;:&quot;classic&quot;}\">\n\t\t\t<div class=\"elementor-widget-wrap elementor-element-populated\">\n\t\t\t\t\t\t\t\t<div class=\"elementor-element elementor-element-bf73fde elementor-widget elementor-widget-text-editor\" data-id=\"bf73fde\" data-element_type=\"widget\" data-widget_type=\"text-editor.default\">\n\t\t\t\t<div class=\"elementor-widget-container\">\n\t\t\t\t\t\t\t<p>Nowy pomys\u0142 na prac\u0119<\/p>\t\t\t\t\t\t<\/div>\n\t\t\t\t<\/div>\n\t\t\t\t<div class=\"elementor-element elementor-element-cc466c1 elementor-blockquote--skin-quotation elementor-blockquote--button-color-official elementor-widget elementor-widget-blockquote\" data-id=\"cc466c1\" data-element_type=\"widget\" data-widget_type=\"blockquote.default\">\n\t\t\t\t<div class=\"elementor-widget-container\">\n\t\t\t\t\t<blockquote class=\"elementor-blockquote\">\n\t\t\t<p class=\"elementor-blockquote__content\">\n\t\t\t\t\t\t\t<\/p>\n\t\t\t\t\t<\/blockquote>\n\t\t\t\t<\/div>\n\t\t\t\t<\/div>\n\t\t\t\t<div class=\"elementor-element elementor-element-af1041d elementor-widget elementor-widget-text-editor\" data-id=\"af1041d\" data-element_type=\"widget\" data-widget_type=\"text-editor.default\">\n\t\t\t\t<div class=\"elementor-widget-container\">\n\t\t\t\t\t\t\t<p>Sam model biznesowy jest doskona\u0142y, pozwalaj\u0105cy na osi\u0105gni\u0119cie wolno\u015bci finansowej w dosy\u0107 kr\u00f3tkim czasie w por\u00f3wnaniu na przyk\u0142ad do pracy na etacie lub w\u0142asnej dzia\u0142alno\u015bci. Wymaga tylko tego czego wymaga ka\u017cda praca: PRACY.<\/p><p>I chyba st\u0105d tyle nieporozumie\u0144. Je\u015bli chcesz zarabia\u0107 musisz pracowa\u0107, a przych\u00f3d pasywny przyjdzie z czasem. Nie stanie si\u0119 to je\u015bli b\u0119dziesz siedzie\u0107 i narzeka\u0107, przygl\u0105da\u0107 si\u0119, opiniowa\u0107. W MLM trzeba pracowa\u0107 tak jak w ka\u017cdej innej pracy, na przyk\u0142ad we w\u0142asnej dzia\u0142alno\u015bci. R\u00f3\u017cnica jest taka, \u017ce tutaj mo\u017cesz wypracowa\u0107 przych\u00f3d rezydualny czyli taki, kt\u00f3ry pozwoli Ci w przysz\u0142o\u015bci nie pracowa\u0107 i otrzymywa\u0107 wynagrodzenie za wcze\u015bniej wykonana prac\u0119.<\/p><p>Marketing sieciowy to ludzie i ich dzia\u0142ania.<\/p><p>Praca w doTERRA polega na relacjach, edukowaniu i wsparciu.<\/p>\t\t\t\t\t\t<\/div>\n\t\t\t\t<\/div>\n\t\t\t\t<div class=\"elementor-element elementor-element-bf75f9c elementor-mobile-align-center elementor-widget elementor-widget-button\" data-id=\"bf75f9c\" data-element_type=\"widget\" data-widget_type=\"button.default\">\n\t\t\t\t<div class=\"elementor-widget-container\">\n\t\t\t\t\t<div class=\"elementor-button-wrapper\">\n\t\t\t<a href=\"#\" class=\"elementor-button-link elementor-button elementor-size-sm\" role=\"button\">\n\t\t\t\t\t\t<span class=\"elementor-button-content-wrapper\">\n\t\t\t\t\t\t<span class=\"elementor-button-icon elementor-align-icon-right\">\n\t\t\t\t<i aria-hidden=\"true\" class=\"far fa-handshake\"><\/i>\t\t\t<\/span>\n\t\t\t\t\t\t<span class=\"elementor-button-text\">DO\u0141\u0104CZ DO MNIE<\/span>\n\t\t<\/span>\n\t\t\t\t\t<\/a>\n\t\t<\/div>\n\t\t\t\t<\/div>\n\t\t\t\t<\/div>\n\t\t\t\t\t<\/div>\n\t\t<\/div>\n\t\t\t\t\t\t\t<\/div>\n\t\t<\/section>\n\t\t\t\t<section class=\"elementor-section elementor-top-section elementor-element elementor-element-59ee07e elementor-hidden-tablet elementor-hidden-phone elementor-section-boxed elementor-section-height-default elementor-section-height-default\" data-id=\"59ee07e\" data-element_type=\"section\">\n\t\t\t\t\t\t<div class=\"elementor-container elementor-column-gap-default\">\n\t\t\t\t\t<div class=\"elementor-column elementor-col-50 elementor-top-column elementor-element elementor-element-4075ac1\" data-id=\"4075ac1\" data-element_type=\"column\">\n\t\t\t<div class=\"elementor-widget-wrap elementor-element-populated\">\n\t\t\t\t\t\t\t\t<div class=\"elementor-element elementor-element-e8f031e elementor-widget elementor-widget-image\" data-id=\"e8f031e\" data-element_type=\"widget\" data-widget_type=\"image.default\">\n\t\t\t\t<div class=\"elementor-widget-container\">\n\t\t\t\t\t\t\t\t\t\t\t\t\t\t\t<img src=\"https:\/\/ins.stronazen.pl\/is\/wp-content\/uploads\/2021\/10\/logo_el.png\" title=\"logo_el\" alt=\"logo_el\" \/>\t\t\t\t\t\t\t\t\t\t\t\t\t\t\t<\/div>\n\t\t\t\t<\/div>\n\t\t\t\t\t<\/div>\n\t\t<\/div>\n\t\t\t\t<div class=\"elementor-column elementor-col-50 elementor-top-column elementor-element elementor-element-d1e43cf\" data-id=\"d1e43cf\" data-element_type=\"column\">\n\t\t\t<div class=\"elementor-widget-wrap elementor-element-populated\">\n\t\t\t\t\t\t\t\t<div class=\"elementor-element elementor-element-30aa1e1 elementor-widget elementor-widget-text-editor\" data-id=\"30aa1e1\" data-element_type=\"widget\" data-widget_type=\"text-editor.default\">\n\t\t\t\t<div class=\"elementor-widget-container\">\n\t\t\t\t\t\t\t<p>oilstory<\/p>\t\t\t\t\t\t<\/div>\n\t\t\t\t<\/div>\n\t\t\t\t\t<\/div>\n\t\t<\/div>\n\t\t\t\t\t\t\t<\/div>\n\t\t<\/section>\n\t\t\t\t<section class=\"elementor-section elementor-top-section elementor-element elementor-element-30c573e elementor-section-boxed elementor-section-height-default elementor-section-height-default\" data-id=\"30c573e\" data-element_type=\"section\">\n\t\t\t\t\t\t<div class=\"elementor-container elementor-column-gap-default\">\n\t\t\t\t\t<div class=\"elementor-column elementor-col-100 elementor-top-column elementor-element elementor-element-fb4b9bd\" data-id=\"fb4b9bd\" data-element_type=\"column\">\n\t\t\t<div class=\"elementor-widget-wrap elementor-element-populated\">\n\t\t\t\t\t\t\t\t<div class=\"elementor-element elementor-element-2a4e11c elementor-widget elementor-widget-shortcode\" data-id=\"2a4e11c\" data-element_type=\"widget\" data-widget_type=\"shortcode.default\">\n\t\t\t\t<div class=\"elementor-widget-container\">\n\t\t\t\t\t<div class=\"elementor-shortcode\">\n<div id=\"sb_instagram\" class=\"sbi sbi_col_4  sbi_width_resp\" style=\"padding-bottom: 16px;width: 100%;\" data-feedid=\"sbi_17841401277465465#20\" data-res=\"auto\" data-cols=\"4\" data-num=\"20\" data-shortcode-atts=\"{}\"  data-postid=\"428\" data-locatornonce=\"c6a97b02f9\" data-sbi-flags=\"favorLocal\">\n\t\n\t<div id=\"sbi_images\" style=\"padding: 8px;\">\n\t\t\t<\/div>\n\n\t<div id=\"sbi_load\">\n\n\t\n\t    <span class=\"sbi_follow_btn sbi_custom\">\n        <a href=\"https:\/\/www.instagram.com\/17841401277465465\/\" style=\"background: rgb(170,162,154);color: rgb(252,235,217);\" target=\"_blank\" rel=\"noopener nofollow\"><svg class=\"svg-inline--fa fa-instagram fa-w-14\" aria-hidden=\"true\" data-fa-processed=\"\" aria-label=\"Instagram\" data-prefix=\"fab\" data-icon=\"instagram\" role=\"img\" viewBox=\"0 0 448 512\">\n\t                <path fill=\"currentColor\" d=\"M224.1 141c-63.6 0-114.9 51.3-114.9 114.9s51.3 114.9 114.9 114.9S339 319.5 339 255.9 287.7 141 224.1 141zm0 189.6c-41.1 0-74.7-33.5-74.7-74.7s33.5-74.7 74.7-74.7 74.7 33.5 74.7 74.7-33.6 74.7-74.7 74.7zm146.4-194.3c0 14.9-12 26.8-26.8 26.8-14.9 0-26.8-12-26.8-26.8s12-26.8 26.8-26.8 26.8 12 26.8 26.8zm76.1 27.2c-1.7-35.9-9.9-67.7-36.2-93.9-26.2-26.2-58-34.4-93.9-36.2-37-2.1-147.9-2.1-184.9 0-35.8 1.7-67.6 9.9-93.9 36.1s-34.4 58-36.2 93.9c-2.1 37-2.1 147.9 0 184.9 1.7 35.9 9.9 67.7 36.2 93.9s58 34.4 93.9 36.2c37 2.1 147.9 2.1 184.9 0 35.9-1.7 67.7-9.9 93.9-36.2 26.2-26.2 34.4-58 36.2-93.9 2.1-37 2.1-147.8 0-184.8zM398.8 388c-7.8 19.6-22.9 34.7-42.6 42.6-29.5 11.7-99.5 9-132.1 9s-102.7 2.6-132.1-9c-19.6-7.8-34.7-22.9-42.6-42.6-11.7-29.5-9-99.5-9-132.1s-2.6-102.7 9-132.1c7.8-19.6 22.9-34.7 42.6-42.6 29.5-11.7 99.5-9 132.1-9s102.7-2.6 132.1 9c19.6 7.8 34.7 22.9 42.6 42.6 11.7 29.5 9 99.5 9 132.1s2.7 102.7-9 132.1z\"><\/path>\n\t            <\/svg>B\u0105d\u017amy razem na Instagramie<\/a>\n    <\/span>\n\t\n<\/div>\n\n\t\t<span class=\"sbi_resized_image_data\" data-feed-id=\"sbi_17841401277465465#20\" data-resized=\"[]\">\n\t<\/span>\n\t<\/div>\n\n<\/div>\n\t\t\t\t<\/div>\n\t\t\t\t<\/div>\n\t\t\t\t\t<\/div>\n\t\t<\/div>\n\t\t\t\t\t\t\t<\/div>\n\t\t<\/section>\n\t\t\t\t\t\t<\/div>\n\t\t\t\t\t<\/div>\n\t\t","protected":false},"excerpt":{"rendered":"<p>kim jestem? Poznajmy si\u0119\u00a0 Nazywam si\u0119 Ilona Siemczyk i zajmuj\u0119 si\u0119 edukacj\u0105 o naturalnych sposobach wspierania zdrowia olejkami eterycznymi. Z uwa\u017cno\u015bci\u0105 stosowa\u0142am rady mojej babci i mamy dotycz\u0105ce na profilaktyki zdrowia (czosnek, cebula, syrop malinowy na przezi\u0119bienie) jak i urody (dro\u017cd\u017ce na tr\u0105dzik, jajka, rycyna, cytryna na pi\u0119kne w\u0142osy, piwo na u\u0142o\u017cenie w\u0142os\u00f3w) i\u00a0 kiedy [&hellip;]<\/p>\n","protected":false},"author":1,"featured_media":0,"parent":0,"menu_order":0,"comment_status":"closed","ping_status":"closed","template":"","meta":[],"_links":{"self":[{"href":"https:\/\/ins.stronazen.pl\/is\/wp-json\/wp\/v2\/pages\/428"}],"collection":[{"href":"https:\/\/ins.stronazen.pl\/is\/wp-json\/wp\/v2\/pages"}],"about":[{"href":"https:\/\/ins.stronazen.pl\/is\/wp-json\/wp\/v2\/types\/page"}],"author":[{"embeddable":true,"href":"https:\/\/ins.stronazen.pl\/is\/wp-json\/wp\/v2\/users\/1"}],"replies":[{"embeddable":true,"href":"https:\/\/ins.stronazen.pl\/is\/wp-json\/wp\/v2\/comments?post=428"}],"version-history":[{"count":121,"href":"https:\/\/ins.stronazen.pl\/is\/wp-json\/wp\/v2\/pages\/428\/revisions"}],"predecessor-version":[{"id":1070,"href":"https:\/\/ins.stronazen.pl\/is\/wp-json\/wp\/v2\/pages\/428\/revisions\/1070"}],"wp:attachment":[{"href":"https:\/\/ins.stronazen.pl\/is\/wp-json\/wp\/v2\/media?parent=428"}],"curies":[{"name":"wp","href":"https:\/\/api.w.org\/{rel}","templated":true}]}}